{"id":2455,"date":"2020-08-19T12:42:30","date_gmt":"2020-08-19T10:42:30","guid":{"rendered":"https:\/\/afrodita.i3a.es\/?page_id=2455"},"modified":"2023-10-02T14:46:27","modified_gmt":"2023-10-02T12:46:27","slug":"news","status":"publish","type":"page","link":"https:\/\/bsicos.i3a.es\/es\/news\/","title":{"rendered":"Noticias"},"content":{"rendered":"<div id=\"pl-gb2455-69d40bde5f311\"  class=\"panel-layout\" ><div id=\"pg-gb2455-69d40bde5f311-0\"  class=\"panel-grid panel-has-style\" ><div class=\"siteorigin-panels-stretch panel-row-style panel-row-style-for-gb2455-69d40bde5f311-0\" data-stretch-type=\"full-width-stretch\" ><div id=\"pgc-gb2455-69d40bde5f311-0-0\"  class=\"panel-grid-cell\" ><div id=\"panel-gb2455-69d40bde5f311-0-0-0\" class=\"so-panel widget widget_sow-hero panel-first-child panel-last-child\" data-index=\"0\" ><div\n\t\t\t\n\t\t\tclass=\"so-widget-sow-hero so-widget-sow-hero-default-277c047652f8-2455 so-widget-fittext-wrapper\"\n\t\t\t data-fit-text-compressor=\"0.85\"\n\t\t>\t\t\t\t<div class=\"sow-slider-base\" style=\"display: none\" tabindex=\"0\">\n\t\t\t\t\t<ul\n\t\t\t\t\tclass=\"sow-slider-images\"\n\t\t\t\t\tdata-settings=\"{&quot;pagination&quot;:true,&quot;speed&quot;:800,&quot;timeout&quot;:8000,&quot;paused&quot;:true,&quot;pause_on_hover&quot;:false,&quot;swipe&quot;:true,&quot;nav_always_show_desktop&quot;:&quot;&quot;,&quot;nav_always_show_mobile&quot;:&quot;&quot;,&quot;breakpoint&quot;:&quot;780px&quot;,&quot;unmute&quot;:false,&quot;anchor&quot;:null}\"\n\t\t\t\t\t\t\t\t\t\tdata-anchor-id=\"\"\n\t\t\t\t>\t\t<li class=\"sow-slider-image  sow-slider-image-cover\" style=\"visibility: visible;;background-color: #333333;background-image: url(https:\/\/bsicos.i3a.es\/wp-content\/uploads\/2023\/09\/fondo-noticias.png)\" >\n\t\t\t\t\t<div class=\"sow-slider-image-container\">\n\t\t\t<div class=\"sow-slider-image-wrapper\">\n\t\t\t\t<h1 style=\"text-align: center\"><strong>Noticias<\/strong><\/h1>\n\t\t\t<\/div>\n\t\t<\/div>\n\t\t\t\t<\/li>\n\t\t<\/ul>\t\t\t\t<ol class=\"sow-slider-pagination\">\n\t\t\t\t\t\t\t\t\t\t\t<li><a href=\"#\" data-goto=\"0\" aria-label=\"mostrar diapositiva 1\"><\/a><\/li>\n\t\t\t\t\t\t\t\t\t<\/ol>\n\n\t\t\t\t<div class=\"sow-slide-nav sow-slide-nav-next\">\n\t\t\t\t\t<a href=\"#\" data-goto=\"next\" aria-label=\"diapositiva siguiente\" data-action=\"next\">\n\t\t\t\t\t\t<em class=\"sow-sld-icon-thin-right\"><\/em>\n\t\t\t\t\t<\/a>\n\t\t\t\t<\/div>\n\n\t\t\t\t<div class=\"sow-slide-nav sow-slide-nav-prev\">\n\t\t\t\t\t<a href=\"#\" data-goto=\"previous\" aria-label=\"diapositiva anterior\" data-action=\"prev\">\n\t\t\t\t\t\t<em class=\"sow-sld-icon-thin-left\"><\/em>\n\t\t\t\t\t<\/a>\n\t\t\t\t<\/div>\n\t\t\t\t<\/div><\/div><\/div><\/div><\/div><\/div><\/div>\n\n<div  class=\"ultp-post-grid-block wp-block-ultimate-post-post-grid-1 ultp-block-618384\"><div class=\"ultp-block-wrapper\"><div class=\"ultp-loading\"><div class=\"ultp-loading-blocks\" style=\"width:100%;height:100%;\"><div style=\"left: 0;top: 0;animation-delay:0s;\"><\/div><div style=\"left: 21px;top: 0;animation-delay:0.125s;\"><\/div><div style=\"left: 42px;top: 0;animation-delay:0.25s;\"><\/div><div style=\"left: 0;top: 21px;animation-delay:0.875s;\"><\/div><div style=\"left: 42px;top: 21px;animation-delay:0.375s;\"><\/div><div style=\"left: 0;top: 42px;animation-delay:0.75s;\"><\/div><div style=\"left: 42px;top: 42px;animation-delay:0.625s;\"><\/div><div style=\"left: 21px;top: 42px;animation-delay:0.5s;\"><\/div><\/div><\/div><div class=\"ultp-heading-filter\"><div class=\"ultp-heading-filter-in\"><div class=\"ultp-filter-navigation\"><\/div><\/div><\/div><div class=\"ultp-block-items-wrap ultp-block-row ultp-pg1a-style1 ultp-grid1-responsive ultp-block-column-3 ultp-sm-column-1 ultp-xs-column-1 ultp-layout1\"><div class=\"ultp-block-item post-id-6827\"><div class=\"ultp-block-content-wrap\"><div class=\"ultp-block-image ultp-block-image-opacity\"><a href=\"https:\/\/bsicos.i3a.es\/es\/un-modelo-aragones-de-ia-logra-medir-el-dolor-de-forma-objetiva-e-inclusiva\/\" ><img decoding=\"async\"  class=\"ultp-block-image-content\"  alt=\"grupo web bsicos\"  src=\"https:\/\/bsicos.i3a.es\/wp-content\/uploads\/2025\/12\/grupo-web-bsicos-870x570.jpg\" \/><\/a><\/div><div class=\"ultp-block-content\"><h3 class=\"ultp-block-title\"><a href=\"https:\/\/bsicos.i3a.es\/es\/un-modelo-aragones-de-ia-logra-medir-el-dolor-de-forma-objetiva-e-inclusiva\/\" >Un modelo aragon\u00e9s de IA logra medir el dolor de forma objetiva e inclusiva<\/a><\/h3><div class=\"ultp-block-meta ultp-block-meta-dot ultp-block-meta-icon\"><span class=\"ultp-block-date ultp-block-meta-element\"><svg xmlns=\"http:\/\/www.w3.org\/2000\/svg\" fill=\"none\" viewbox=\"0 0 24 24\">\n  <path stroke=\"currentColor\" stroke-linecap=\"round\" stroke-linejoin=\"round\" stroke-width=\"1.5\" d=\"M3 5.5a2 2 0 0 1 2-2h14a2 2 0 0 1 2 2v14a2 2 0 0 1-2 2H5a2 2 0 0 1-2-2v-14ZM8 2v3m8-3v3M3 9h18\"\/>\n<\/svg>\nDic 16, 2025<\/span><\/div><\/div><\/div><\/div><div class=\"ultp-block-item post-id-6776\"><div class=\"ultp-block-content-wrap\"><div class=\"ultp-block-image ultp-block-image-opacity\"><a href=\"https:\/\/bsicos.i3a.es\/es\/research-on-heart-health-14-researchers-present-their-scientific-advances-at-computing-in-cardiology-2025\/\" ><img decoding=\"async\"  class=\"ultp-block-image-content\"  alt=\"Research on heart health: 14 researchers present their scientific advances at Computing in Cardiology 2025\"  src=\"https:\/\/bsicos.i3a.es\/wp-content\/uploads\/2025\/10\/fotoGrupal_CinC2025-870x570.jpeg\" \/><\/a><\/div><div class=\"ultp-block-content\"><h3 class=\"ultp-block-title\"><a href=\"https:\/\/bsicos.i3a.es\/es\/research-on-heart-health-14-researchers-present-their-scientific-advances-at-computing-in-cardiology-2025\/\" >Research on heart health: 14 researchers present their scientific advances at Computing in Cardiology 2025<\/a><\/h3><div class=\"ultp-block-meta ultp-block-meta-dot ultp-block-meta-icon\"><span class=\"ultp-block-date ultp-block-meta-element\"><svg xmlns=\"http:\/\/www.w3.org\/2000\/svg\" fill=\"none\" viewbox=\"0 0 24 24\">\n  <path stroke=\"currentColor\" stroke-linecap=\"round\" stroke-linejoin=\"round\" stroke-width=\"1.5\" d=\"M3 5.5a2 2 0 0 1 2-2h14a2 2 0 0 1 2 2v14a2 2 0 0 1-2 2H5a2 2 0 0 1-2-2v-14ZM8 2v3m8-3v3M3 9h18\"\/>\n<\/svg>\nOct 7, 2025<\/span><\/div><\/div><\/div><\/div><div class=\"ultp-block-item post-id-6767\"><div class=\"ultp-block-content-wrap\"><div class=\"ultp-block-image ultp-block-image-opacity\"><a href=\"https:\/\/bsicos.i3a.es\/es\/un-equipo-de-investigacion-de-la-universidad-de-zaragoza-desarrolla-un-biomarcador-sanguineo-que-estima-la-edad-biologica-en-relacion-a-parametros-de-salud-cardiovascular\/\" ><img decoding=\"async\"  class=\"ultp-block-image-content\"  alt=\"Un equipo de investigaci\u00f3n de la Universidad de Zaragoza desarrolla un biomarcador sangu\u00edneo que estima la edad biol\u00f3gica en relaci\u00f3n a par\u00e1metros de salud cardiovascular\"  src=\"https:\/\/bsicos.i3a.es\/wp-content\/uploads\/2025\/09\/Corazon-robina-weermeijer-unsplash-870x570.jpg\" \/><\/a><\/div><div class=\"ultp-block-content\"><h3 class=\"ultp-block-title\"><a href=\"https:\/\/bsicos.i3a.es\/es\/un-equipo-de-investigacion-de-la-universidad-de-zaragoza-desarrolla-un-biomarcador-sanguineo-que-estima-la-edad-biologica-en-relacion-a-parametros-de-salud-cardiovascular\/\" >Un equipo de investigaci\u00f3n de la Universidad de Zaragoza desarrolla un biomarcador sangu\u00edneo que estima la edad biol\u00f3gica en relaci\u00f3n a par\u00e1metros de salud cardiovascular<\/a><\/h3><div class=\"ultp-block-meta ultp-block-meta-dot ultp-block-meta-icon\"><span class=\"ultp-block-date ultp-block-meta-element\"><svg xmlns=\"http:\/\/www.w3.org\/2000\/svg\" fill=\"none\" viewbox=\"0 0 24 24\">\n  <path stroke=\"currentColor\" stroke-linecap=\"round\" stroke-linejoin=\"round\" stroke-width=\"1.5\" d=\"M3 5.5a2 2 0 0 1 2-2h14a2 2 0 0 1 2 2v14a2 2 0 0 1-2 2H5a2 2 0 0 1-2-2v-14ZM8 2v3m8-3v3M3 9h18\"\/>\n<\/svg>\nSep 24, 2025<\/span><\/div><\/div><\/div><\/div><div class=\"ultp-block-item post-id-6605\"><div class=\"ultp-block-content-wrap\"><div class=\"ultp-block-image ultp-block-image-opacity\"><a href=\"https:\/\/bsicos.i3a.es\/es\/el-grupo-bsicos-se-suma-un-ano-mas-a-la-jornada-de-jovenes-i3a\/\" ><img decoding=\"async\"  class=\"ultp-block-image-content\"  alt=\"mesa\"  src=\"https:\/\/bsicos.i3a.es\/wp-content\/uploads\/2025\/07\/Jornadas-870x570.jpg\" \/><\/a><\/div><div class=\"ultp-block-content\"><h3 class=\"ultp-block-title\"><a href=\"https:\/\/bsicos.i3a.es\/es\/el-grupo-bsicos-se-suma-un-ano-mas-a-la-jornada-de-jovenes-i3a\/\" >El grupo BSICoS se suma un a\u00f1o m\u00e1s a la Jornada de J\u00f3venes I3A<\/a><\/h3><div class=\"ultp-block-meta ultp-block-meta-dot ultp-block-meta-icon\"><span class=\"ultp-block-date ultp-block-meta-element\"><svg xmlns=\"http:\/\/www.w3.org\/2000\/svg\" fill=\"none\" viewbox=\"0 0 24 24\">\n  <path stroke=\"currentColor\" stroke-linecap=\"round\" stroke-linejoin=\"round\" stroke-width=\"1.5\" d=\"M3 5.5a2 2 0 0 1 2-2h14a2 2 0 0 1 2 2v14a2 2 0 0 1-2 2H5a2 2 0 0 1-2-2v-14ZM8 2v3m8-3v3M3 9h18\"\/>\n<\/svg>\nJun 25, 2025<\/span><\/div><\/div><\/div><\/div><div class=\"ultp-block-item post-id-6582\"><div class=\"ultp-block-content-wrap\"><div class=\"ultp-block-image ultp-block-image-opacity\"><a href=\"https:\/\/bsicos.i3a.es\/es\/vascular-reactivity-characterized-by-ppg-derived-pulse-wave-velocity\/\" ><img decoding=\"async\"  class=\"ultp-block-image-content\"  alt=\"Vascular reactivity characterized by PPG-derived pulse wave velocity\"  src=\"https:\/\/bsicos.i3a.es\/wp-content\/uploads\/2025\/05\/PArmanac-News1_25.jpg\" \/><\/a><\/div><div class=\"ultp-block-content\"><h3 class=\"ultp-block-title\"><a href=\"https:\/\/bsicos.i3a.es\/es\/vascular-reactivity-characterized-by-ppg-derived-pulse-wave-velocity\/\" >Vascular reactivity characterized by PPG-derived pulse wave velocity<\/a><\/h3><div class=\"ultp-block-meta ultp-block-meta-dot ultp-block-meta-icon\"><span class=\"ultp-block-date ultp-block-meta-element\"><svg xmlns=\"http:\/\/www.w3.org\/2000\/svg\" fill=\"none\" viewbox=\"0 0 24 24\">\n  <path stroke=\"currentColor\" stroke-linecap=\"round\" stroke-linejoin=\"round\" stroke-width=\"1.5\" d=\"M3 5.5a2 2 0 0 1 2-2h14a2 2 0 0 1 2 2v14a2 2 0 0 1-2 2H5a2 2 0 0 1-2-2v-14ZM8 2v3m8-3v3M3 9h18\"\/>\n<\/svg>\nMay 8, 2025<\/span><\/div><\/div><\/div><\/div><div class=\"ultp-block-item post-id-6557\"><div class=\"ultp-block-content-wrap\"><div class=\"ultp-block-image ultp-block-image-opacity\"><a href=\"https:\/\/bsicos.i3a.es\/es\/blanca-delgado-y-marcos-sacristan-present-their-research-work-at-the-international-conference-on-neurorehabilitation\/\" ><img decoding=\"async\"  class=\"ultp-block-image-content\"  alt=\"Blanca Delgado y Marcos Sacrist\u00e1n present their research work at the International Conference on NeuroRehabilitation\"  src=\"https:\/\/bsicos.i3a.es\/wp-content\/uploads\/2024\/11\/Foto-ICNR_2024-870x570.jpeg\" \/><\/a><\/div><div class=\"ultp-block-content\"><h3 class=\"ultp-block-title\"><a href=\"https:\/\/bsicos.i3a.es\/es\/blanca-delgado-y-marcos-sacristan-present-their-research-work-at-the-international-conference-on-neurorehabilitation\/\" >Blanca Delgado y Marcos Sacrist\u00e1n present their research work at the International Conference on NeuroRehabilitation<\/a><\/h3><div class=\"ultp-block-meta ultp-block-meta-dot ultp-block-meta-icon\"><span class=\"ultp-block-date ultp-block-meta-element\"><svg xmlns=\"http:\/\/www.w3.org\/2000\/svg\" fill=\"none\" viewbox=\"0 0 24 24\">\n  <path stroke=\"currentColor\" stroke-linecap=\"round\" stroke-linejoin=\"round\" stroke-width=\"1.5\" d=\"M3 5.5a2 2 0 0 1 2-2h14a2 2 0 0 1 2 2v14a2 2 0 0 1-2 2H5a2 2 0 0 1-2-2v-14ZM8 2v3m8-3v3M3 9h18\"\/>\n<\/svg>\nNov 18, 2024<\/span><\/div><\/div><\/div><\/div><div class=\"ultp-block-item post-id-6537\"><div class=\"ultp-block-content-wrap\"><div class=\"ultp-block-image ultp-block-image-opacity\"><a href=\"https:\/\/bsicos.i3a.es\/es\/julia-ramirez-en-el-encuentro-para-la-excelencia-de-la-investigacion-en-salud-publica\/\" ><img decoding=\"async\"  class=\"ultp-block-image-content\"  alt=\"Julia Ram\u00edrez, en el Encuentro para la Excelencia de la Investigaci\u00f3n en Salud P\u00fablica\"  src=\"https:\/\/bsicos.i3a.es\/wp-content\/uploads\/2024\/10\/Foto-JuRaGa-Ciberisciii_bbn-870x570.jpg\" \/><\/a><\/div><div class=\"ultp-block-content\"><h3 class=\"ultp-block-title\"><a href=\"https:\/\/bsicos.i3a.es\/es\/julia-ramirez-en-el-encuentro-para-la-excelencia-de-la-investigacion-en-salud-publica\/\" >Julia Ram\u00edrez, en el Encuentro para la Excelencia de la Investigaci\u00f3n en Salud P\u00fablica<\/a><\/h3><div class=\"ultp-block-meta ultp-block-meta-dot ultp-block-meta-icon\"><span class=\"ultp-block-date ultp-block-meta-element\"><svg xmlns=\"http:\/\/www.w3.org\/2000\/svg\" fill=\"none\" viewbox=\"0 0 24 24\">\n  <path stroke=\"currentColor\" stroke-linecap=\"round\" stroke-linejoin=\"round\" stroke-width=\"1.5\" d=\"M3 5.5a2 2 0 0 1 2-2h14a2 2 0 0 1 2 2v14a2 2 0 0 1-2 2H5a2 2 0 0 1-2-2v-14ZM8 2v3m8-3v3M3 9h18\"\/>\n<\/svg>\nOct 23, 2024<\/span><\/div><\/div><\/div><\/div><div class=\"ultp-block-item post-id-6506\"><div class=\"ultp-block-content-wrap\"><div class=\"ultp-block-image ultp-block-image-opacity\"><a href=\"https:\/\/bsicos.i3a.es\/es\/eight-researchers-from-the-bsicos-group-in-the-computing-in-cardiology-congress\/\" ><img decoding=\"async\"  class=\"ultp-block-image-content\"  alt=\"Eight researchers from the BSiCoS group, in the Computing in Cardiology Congress\"  src=\"https:\/\/bsicos.i3a.es\/wp-content\/uploads\/2024\/09\/congreso-CINC2024-870x570.jpg\" \/><\/a><\/div><div class=\"ultp-block-content\"><h3 class=\"ultp-block-title\"><a href=\"https:\/\/bsicos.i3a.es\/es\/eight-researchers-from-the-bsicos-group-in-the-computing-in-cardiology-congress\/\" >Eight researchers from the BSiCoS group, in the Computing in Cardiology Congress<\/a><\/h3><div class=\"ultp-block-meta ultp-block-meta-dot ultp-block-meta-icon\"><span class=\"ultp-block-date ultp-block-meta-element\"><svg xmlns=\"http:\/\/www.w3.org\/2000\/svg\" fill=\"none\" viewbox=\"0 0 24 24\">\n  <path stroke=\"currentColor\" stroke-linecap=\"round\" stroke-linejoin=\"round\" stroke-width=\"1.5\" d=\"M3 5.5a2 2 0 0 1 2-2h14a2 2 0 0 1 2 2v14a2 2 0 0 1-2 2H5a2 2 0 0 1-2-2v-14ZM8 2v3m8-3v3M3 9h18\"\/>\n<\/svg>\nSep 18, 2024<\/span><\/div><\/div><\/div><\/div><div class=\"ultp-block-item post-id-6481\"><div class=\"ultp-block-content-wrap\"><div class=\"ultp-block-image ultp-block-image-opacity\"><a href=\"https:\/\/bsicos.i3a.es\/es\/cuatro-investigadores-de-bsicos-participan-en-la-escuela-de-verano-sobre-interfaces-neurales-hibridas-en-la-facultad-de-ingenieria-electrica-y-ciencias-de-la-computacion-en-maribor\/\" ><img decoding=\"async\"  class=\"ultp-block-image-content\"  alt=\"Cuatro investigadores, en la Escuela de Verano sobre Interfaces Neurales H\u00edbridas en la Facultad de Ingenier\u00eda El\u00e9ctrica y Ciencias de la Computaci\u00f3n en Maribor\"  src=\"https:\/\/bsicos.i3a.es\/wp-content\/uploads\/2024\/07\/Escuela-de-Verano-2024-870x570.jpeg\" \/><\/a><\/div><div class=\"ultp-block-content\"><h3 class=\"ultp-block-title\"><a href=\"https:\/\/bsicos.i3a.es\/es\/cuatro-investigadores-de-bsicos-participan-en-la-escuela-de-verano-sobre-interfaces-neurales-hibridas-en-la-facultad-de-ingenieria-electrica-y-ciencias-de-la-computacion-en-maribor\/\" >Cuatro investigadores, en la Escuela de Verano sobre Interfaces Neurales H\u00edbridas en la Facultad de Ingenier\u00eda El\u00e9ctrica y Ciencias de la Computaci\u00f3n en Maribor<\/a><\/h3><div class=\"ultp-block-meta ultp-block-meta-dot ultp-block-meta-icon\"><span class=\"ultp-block-date ultp-block-meta-element\"><svg xmlns=\"http:\/\/www.w3.org\/2000\/svg\" fill=\"none\" viewbox=\"0 0 24 24\">\n  <path stroke=\"currentColor\" stroke-linecap=\"round\" stroke-linejoin=\"round\" stroke-width=\"1.5\" d=\"M3 5.5a2 2 0 0 1 2-2h14a2 2 0 0 1 2 2v14a2 2 0 0 1-2 2H5a2 2 0 0 1-2-2v-14ZM8 2v3m8-3v3M3 9h18\"\/>\n<\/svg>\nJul 23, 2024<\/span><\/div><\/div><\/div><\/div><div class=\"ultp-block-item post-id-6473\"><div class=\"ultp-block-content-wrap\"><div class=\"ultp-block-image ultp-block-image-opacity\"><a href=\"https:\/\/bsicos.i3a.es\/es\/bsicos-se-suma-a-la-jornada-de-jovenes-investigadores-e-investigadoras-del-instituto-de-investigacion-en-ingenieria-de-aragon-i3a\/\" ><img decoding=\"async\"  class=\"ultp-block-image-content\"  alt=\"BSiCoS se suma a la Jornada de J\u00f3venes Investigadores e Investigadoras del Instituto de Investigaci\u00f3n en Ingenier\u00eda de Arag\u00f3n (I3A)\"  src=\"https:\/\/bsicos.i3a.es\/wp-content\/uploads\/2024\/06\/Foto-Bsicos-JovenesI3A-2024-870x570.jpg\" \/><\/a><\/div><div class=\"ultp-block-content\"><h3 class=\"ultp-block-title\"><a href=\"https:\/\/bsicos.i3a.es\/es\/bsicos-se-suma-a-la-jornada-de-jovenes-investigadores-e-investigadoras-del-instituto-de-investigacion-en-ingenieria-de-aragon-i3a\/\" >BSiCoS se suma a la Jornada de J\u00f3venes Investigadores e Investigadoras del Instituto de Investigaci\u00f3n en Ingenier\u00eda de Arag\u00f3n (I3A)<\/a><\/h3><div class=\"ultp-block-meta ultp-block-meta-dot ultp-block-meta-icon\"><span class=\"ultp-block-date ultp-block-meta-element\"><svg xmlns=\"http:\/\/www.w3.org\/2000\/svg\" fill=\"none\" viewbox=\"0 0 24 24\">\n  <path stroke=\"currentColor\" stroke-linecap=\"round\" stroke-linejoin=\"round\" stroke-width=\"1.5\" d=\"M3 5.5a2 2 0 0 1 2-2h14a2 2 0 0 1 2 2v14a2 2 0 0 1-2 2H5a2 2 0 0 1-2-2v-14ZM8 2v3m8-3v3M3 9h18\"\/>\n<\/svg>\nJun 28, 2024<\/span><\/div><\/div><\/div><\/div><div class=\"ultp-block-item post-id-6317\"><div class=\"ultp-block-content-wrap\"><div class=\"ultp-block-image ultp-block-image-opacity\"><a href=\"https:\/\/bsicos.i3a.es\/es\/arterias-sanas-scores-poligenicos-de-riesgo-cardiovascular\/\" ><img decoding=\"async\"  class=\"ultp-block-image-content\"  alt=\"Arterias sanas: Marcadores polig\u00e9nicos de riesgo cardiovascular\"  src=\"https:\/\/bsicos.i3a.es\/wp-content\/uploads\/2024\/03\/Julia-Ramirez-Cordoba-2024-H-870x570.jpeg\" \/><\/a><\/div><div class=\"ultp-block-content\"><h3 class=\"ultp-block-title\"><a href=\"https:\/\/bsicos.i3a.es\/es\/arterias-sanas-scores-poligenicos-de-riesgo-cardiovascular\/\" >Arterias sanas: Marcadores polig\u00e9nicos de riesgo cardiovascular<\/a><\/h3><div class=\"ultp-block-meta ultp-block-meta-dot ultp-block-meta-icon\"><span class=\"ultp-block-date ultp-block-meta-element\"><svg xmlns=\"http:\/\/www.w3.org\/2000\/svg\" fill=\"none\" viewbox=\"0 0 24 24\">\n  <path stroke=\"currentColor\" stroke-linecap=\"round\" stroke-linejoin=\"round\" stroke-width=\"1.5\" d=\"M3 5.5a2 2 0 0 1 2-2h14a2 2 0 0 1 2 2v14a2 2 0 0 1-2 2H5a2 2 0 0 1-2-2v-14ZM8 2v3m8-3v3M3 9h18\"\/>\n<\/svg>\nMar 11, 2024<\/span><\/div><\/div><\/div><\/div><div class=\"ultp-block-item post-id-6273\"><div class=\"ultp-block-content-wrap\"><div class=\"ultp-block-image ultp-block-image-opacity\"><a href=\"https:\/\/bsicos.i3a.es\/es\/biennial-meeting-esc-working-groups-on-cellular-biology-of-the-heart-amp-myocardial-function\/\" ><img decoding=\"async\"  class=\"ultp-block-image-content\"  alt=\"Biennial Meeting ESC Working Groups on Cellular Biology of the Heart &#038; Myocardial Function\"  src=\"https:\/\/bsicos.i3a.es\/wp-content\/uploads\/2023\/12\/Congreso-Biennial-Naples.jpeg\" \/><\/a><\/div><div class=\"ultp-block-content\"><h3 class=\"ultp-block-title\"><a href=\"https:\/\/bsicos.i3a.es\/es\/biennial-meeting-esc-working-groups-on-cellular-biology-of-the-heart-amp-myocardial-function\/\" >Biennial Meeting ESC Working Groups on Cellular Biology of the Heart &#038; Myocardial Function<\/a><\/h3><div class=\"ultp-block-meta ultp-block-meta-dot ultp-block-meta-icon\"><span class=\"ultp-block-date ultp-block-meta-element\"><svg xmlns=\"http:\/\/www.w3.org\/2000\/svg\" fill=\"none\" viewbox=\"0 0 24 24\">\n  <path stroke=\"currentColor\" stroke-linecap=\"round\" stroke-linejoin=\"round\" stroke-width=\"1.5\" d=\"M3 5.5a2 2 0 0 1 2-2h14a2 2 0 0 1 2 2v14a2 2 0 0 1-2 2H5a2 2 0 0 1-2-2v-14ZM8 2v3m8-3v3M3 9h18\"\/>\n<\/svg>\nDic 19, 2023<\/span><\/div><\/div><\/div><\/div><div class=\"ultp-block-item post-id-6267\"><div class=\"ultp-block-content-wrap\"><div class=\"ultp-block-image ultp-block-image-opacity\"><a href=\"https:\/\/bsicos.i3a.es\/es\/we-are-hiring-to-participate-in-the-inside-heart-international-project\/\" ><img decoding=\"async\"  class=\"ultp-block-image-content\"  alt=\"Picture about recruitment\"  src=\"https:\/\/bsicos.i3a.es\/wp-content\/uploads\/2023\/12\/Empleo-eric-prouzet-unsplash-870x570.jpg\" \/><\/a><\/div><div class=\"ultp-block-content\"><h3 class=\"ultp-block-title\"><a href=\"https:\/\/bsicos.i3a.es\/es\/we-are-hiring-to-participate-in-the-inside-heart-international-project\/\" >We are hiring to participate in the Inside Heart International Project<\/a><\/h3><div class=\"ultp-block-meta ultp-block-meta-dot ultp-block-meta-icon\"><span class=\"ultp-block-date ultp-block-meta-element\"><svg xmlns=\"http:\/\/www.w3.org\/2000\/svg\" fill=\"none\" viewbox=\"0 0 24 24\">\n  <path stroke=\"currentColor\" stroke-linecap=\"round\" stroke-linejoin=\"round\" stroke-width=\"1.5\" d=\"M3 5.5a2 2 0 0 1 2-2h14a2 2 0 0 1 2 2v14a2 2 0 0 1-2 2H5a2 2 0 0 1-2-2v-14ZM8 2v3m8-3v3M3 9h18\"\/>\n<\/svg>\nDic 12, 2023<\/span><\/div><\/div><\/div><\/div><div class=\"ultp-block-item post-id-6261\"><div class=\"ultp-block-content-wrap\"><div class=\"ultp-block-image ultp-block-image-opacity\"><a href=\"https:\/\/bsicos.i3a.es\/es\/cinco-jovenes-investigadores-presentan-sus-trabajos-en-el-congreso-de-la-sociedad-espanola-de-ingenieria-biomedica\/\" ><img decoding=\"async\"  class=\"ultp-block-image-content\"  alt=\"El grupo BSICOS en el congreso de ingenier\u00eda biom\u00e9dica\"  src=\"https:\/\/bsicos.i3a.es\/wp-content\/uploads\/2023\/12\/Caseib2023-870x570.jpeg\" \/><\/a><\/div><div class=\"ultp-block-content\"><h3 class=\"ultp-block-title\"><a href=\"https:\/\/bsicos.i3a.es\/es\/cinco-jovenes-investigadores-presentan-sus-trabajos-en-el-congreso-de-la-sociedad-espanola-de-ingenieria-biomedica\/\" >Cinco j\u00f3venes investigadores presentan sus trabajos en el Congreso de la Sociedad Espa\u00f1ola de Ingenier\u00eda Biom\u00e9dica<\/a><\/h3><div class=\"ultp-block-meta ultp-block-meta-dot ultp-block-meta-icon\"><span class=\"ultp-block-date ultp-block-meta-element\"><svg xmlns=\"http:\/\/www.w3.org\/2000\/svg\" fill=\"none\" viewbox=\"0 0 24 24\">\n  <path stroke=\"currentColor\" stroke-linecap=\"round\" stroke-linejoin=\"round\" stroke-width=\"1.5\" d=\"M3 5.5a2 2 0 0 1 2-2h14a2 2 0 0 1 2 2v14a2 2 0 0 1-2 2H5a2 2 0 0 1-2-2v-14ZM8 2v3m8-3v3M3 9h18\"\/>\n<\/svg>\nDic 11, 2023<\/span><\/div><\/div><\/div><\/div><div class=\"ultp-block-item post-id-6200\"><div class=\"ultp-block-content-wrap\"><div class=\"ultp-block-image ultp-block-image-opacity\"><a href=\"https:\/\/bsicos.i3a.es\/es\/the-bsicos-group-has-participated-in-the-computing-in-cardiology-congress\/\" ><img decoding=\"async\"  class=\"ultp-block-image-content\"  alt=\"CINC Congress 2023\"  src=\"https:\/\/bsicos.i3a.es\/wp-content\/uploads\/2023\/10\/CINC-Congress-2023-870x570.jpeg\" \/><\/a><\/div><div class=\"ultp-block-content\"><h3 class=\"ultp-block-title\"><a href=\"https:\/\/bsicos.i3a.es\/es\/the-bsicos-group-has-participated-in-the-computing-in-cardiology-congress\/\" >The BSICOS group has participated in the Computing in Cardiology Congress<\/a><\/h3><div class=\"ultp-block-meta ultp-block-meta-dot ultp-block-meta-icon\"><span class=\"ultp-block-date ultp-block-meta-element\"><svg xmlns=\"http:\/\/www.w3.org\/2000\/svg\" fill=\"none\" viewbox=\"0 0 24 24\">\n  <path stroke=\"currentColor\" stroke-linecap=\"round\" stroke-linejoin=\"round\" stroke-width=\"1.5\" d=\"M3 5.5a2 2 0 0 1 2-2h14a2 2 0 0 1 2 2v14a2 2 0 0 1-2 2H5a2 2 0 0 1-2-2v-14ZM8 2v3m8-3v3M3 9h18\"\/>\n<\/svg>\nOct 23, 2023<\/span><\/div><\/div><\/div><\/div><\/div><div class=\"ultp-pagination-wrap ultp-pagination-ajax-action\" data-paged=\"1\" data-expost=\"\"  data-blockid=\"618384\" data-postid=\"2455\" data-pages=\"4\" data-blockname=\"ultimate-post_post-grid-1\" data-selfpostid=\"no\"><ul class=\"ultp-pagination\"><li class=\"ultp-prev-page-numbers\" style=\"display:none\"><a href=\"https:\/\/bsicos.i3a.es\/es\/wp-json\/wp\/v2\/pages\/2455\/\"><svg xmlns=\"http:\/\/www.w3.org\/2000\/svg\" fill=\"none\" viewbox=\"0 0 24 24\">\n  <path stroke=\"currentColor\" stroke-linecap=\"round\" stroke-linejoin=\"round\" stroke-width=\"1.5\" d=\"m15 18-6-6 6-6\"\/>\n<\/svg>\n Previous<\/a><\/li><li class=\"ultp-first-pages\" style=\"display:none\" data-current=\"1\"><a href=\"https:\/\/bsicos.i3a.es\/es\/wp-json\/wp\/v2\/pages\/2455\/\">1<\/a><\/li><li class=\"ultp-center-item pagination-active\" data-current=\"1\"><a href=\"https:\/\/bsicos.i3a.es\/es\/wp-json\/wp\/v2\/pages\/2455\/\">1<\/a><\/li><li class=\"ultp-center-item\" data-current=\"2\" ><a href=\"https:\/\/bsicos.i3a.es\/es\/wp-json\/wp\/v2\/pages\/2455\/page\/2\/\">2<\/a><\/li><li class=\"ultp-center-item\" data-current=\"3\" ><a href=\"https:\/\/bsicos.i3a.es\/es\/wp-json\/wp\/v2\/pages\/2455\/page\/3\/\">3<\/a><\/li><li class=\"ultp-last-dot\" ><a href=\"#\">&#8230;<\/a><\/li><li class=\"ultp-last-pages\" data-current=\"4\"><a href=\"https:\/\/bsicos.i3a.es\/es\/wp-json\/wp\/v2\/pages\/2455\/page\/4\/\">4<\/a><\/li><li class=\"ultp-next-page-numbers\"><a href=\"https:\/\/bsicos.i3a.es\/es\/wp-json\/wp\/v2\/pages\/2455\/page\/2\/\">Next<svg xmlns=\"http:\/\/www.w3.org\/2000\/svg\" fill=\"none\" viewbox=\"0 0 24 24\">\n  <path stroke=\"currentColor\" stroke-linecap=\"round\" stroke-linejoin=\"round\" stroke-width=\"1.5\" d=\"m9 18 6-6-6-6\"\/>\n<\/svg>\n<\/a><\/li><\/ul><\/div><\/div><div class=\"pagination-block-html\" aria-hidden=\"true\" style=\"display: none;\"><\/div><\/div>","protected":false},"excerpt":{"rendered":"","protected":false},"author":1,"featured_media":0,"parent":0,"menu_order":0,"comment_status":"closed","ping_status":"closed","template":"","meta":{"footnotes":""},"class_list":["post-2455","page","type-page","status-publish"],"_links":{"self":[{"href":"https:\/\/bsicos.i3a.es\/es\/wp-json\/wp\/v2\/pages\/2455","targetHints":{"allow":["GET"]}}],"collection":[{"href":"https:\/\/bsicos.i3a.es\/es\/wp-json\/wp\/v2\/pages"}],"about":[{"href":"https:\/\/bsicos.i3a.es\/es\/wp-json\/wp\/v2\/types\/page"}],"author":[{"embeddable":true,"href":"https:\/\/bsicos.i3a.es\/es\/wp-json\/wp\/v2\/users\/1"}],"replies":[{"embeddable":true,"href":"https:\/\/bsicos.i3a.es\/es\/wp-json\/wp\/v2\/comments?post=2455"}],"version-history":[{"count":61,"href":"https:\/\/bsicos.i3a.es\/es\/wp-json\/wp\/v2\/pages\/2455\/revisions"}],"predecessor-version":[{"id":5832,"href":"https:\/\/bsicos.i3a.es\/es\/wp-json\/wp\/v2\/pages\/2455\/revisions\/5832"}],"wp:attachment":[{"href":"https:\/\/bsicos.i3a.es\/es\/wp-json\/wp\/v2\/media?parent=2455"}],"curies":[{"name":"wp","href":"https:\/\/api.w.org\/{rel}","templated":true}]}}