{"id":3039,"date":"2022-03-23T13:59:17","date_gmt":"2022-03-23T11:59:17","guid":{"rendered":"https:\/\/wppruebas.i3a.es\/?page_id=3039"},"modified":"2026-02-12T15:37:15","modified_gmt":"2026-02-12T13:37:15","slug":"inicio","status":"publish","type":"page","link":"https:\/\/bsicos.i3a.es\/es\/","title":{"rendered":"Inicio"},"content":{"rendered":"<div id=\"pl-gb3039-69d421f19e98f\"  class=\"panel-layout wp-block-siteorigin-panels-layout-block\" ><div id=\"pg-gb3039-69d421f19e98f-0\"  class=\"panel-grid panel-has-style\" ><div class=\"siteorigin-panels-stretch panel-row-style panel-row-style-for-gb3039-69d421f19e98f-0\" data-stretch-type=\"full-width-stretch\" ><div id=\"pgc-gb3039-69d421f19e98f-0-0\"  class=\"panel-grid-cell\" ><div id=\"panel-gb3039-69d421f19e98f-0-0-0\" class=\"so-panel widget widget_sow-hero panel-first-child panel-last-child\" data-index=\"0\" ><div\n\t\t\t\n\t\t\tclass=\"so-widget-sow-hero so-widget-sow-hero-default-a84399a26918-3039 so-widget-fittext-wrapper\"\n\t\t\t data-fit-text-compressor=\"1\"\n\t\t>\t\t\t\t<div class=\"sow-slider-base\" style=\"display: none\" tabindex=\"0\">\n\t\t\t\t\t<ul\n\t\t\t\t\tclass=\"sow-slider-images\"\n\t\t\t\t\tdata-settings=\"{&quot;pagination&quot;:true,&quot;speed&quot;:800,&quot;timeout&quot;:8000,&quot;paused&quot;:false,&quot;pause_on_hover&quot;:false,&quot;swipe&quot;:true,&quot;nav_always_show_desktop&quot;:&quot;&quot;,&quot;nav_always_show_mobile&quot;:&quot;&quot;,&quot;breakpoint&quot;:&quot;780px&quot;,&quot;unmute&quot;:false,&quot;anchor&quot;:null}\"\n\t\t\t\t\tstyle=\"min-height: 450px\"\t\t\t\t\tdata-anchor-id=\"\"\n\t\t\t\t>\t\t<li class=\"sow-slider-image  sow-slider-image-cover\" style=\"visibility: visible;;background-color: #333333\" >\n\t\t\t\t\t<div class=\"sow-slider-image-container\">\n\t\t\t<div class=\"sow-slider-image-wrapper\">\n\t\t\t\t<h1 style=\"text-align: center\">BSICoS<\/h1>\n<p style=\"text-align: center\">Biomedical Signal Interpretation and Computational Simulation<\/p>\n<div class=\"sow-hero-buttons\" style=\"text-align: center\"><div\n\t\t\t\n\t\t\tclass=\"so-widget-sow-button so-widget-sow-button-atom-16e60d7a5a4d\"\n\t\t\t\n\t\t><div class=\"ow-button-base ow-button-align-center\"\n>\n\t\t\t<a\n\t\t\t\t\thref=\"https:\/\/bsicos.i3a.es\/es\/contact\/\"\n\t\t\t\t\tclass=\"sowb-button ow-icon-placement-left ow-button-hover\" \t>\n\t\t<span>\n\t\t\t\n\t\t\tCONTACT\t\t<\/span>\n\t\t\t<\/a>\n\t<\/div>\n<\/div><\/div>\t\t\t<\/div>\n\t\t<\/div>\n\t\t<div class=\"sow-slider-image-overlay sow-slider-image-cover\" style=\"opacity: 0.5;background-image: url(https:\/\/bsicos.i3a.es\/wp-content\/uploads\/2023\/09\/banner-bsicos-1-scaled.jpg)\"  ><\/div>\t\t<\/li>\n\t\t<\/ul>\t\t\t\t<ol class=\"sow-slider-pagination\">\n\t\t\t\t\t\t\t\t\t\t\t<li><a href=\"#\" data-goto=\"0\" aria-label=\"mostrar diapositiva 1\"><\/a><\/li>\n\t\t\t\t\t\t\t\t\t<\/ol>\n\n\t\t\t\t<div class=\"sow-slide-nav sow-slide-nav-next\">\n\t\t\t\t\t<a href=\"#\" data-goto=\"next\" aria-label=\"diapositiva siguiente\" data-action=\"next\">\n\t\t\t\t\t\t<em class=\"sow-sld-icon-thin-right\"><\/em>\n\t\t\t\t\t<\/a>\n\t\t\t\t<\/div>\n\n\t\t\t\t<div class=\"sow-slide-nav sow-slide-nav-prev\">\n\t\t\t\t\t<a href=\"#\" data-goto=\"previous\" aria-label=\"diapositiva anterior\" data-action=\"prev\">\n\t\t\t\t\t\t<em class=\"sow-sld-icon-thin-left\"><\/em>\n\t\t\t\t\t<\/a>\n\t\t\t\t<\/div>\n\t\t\t\t<\/div><\/div><\/div><\/div><\/div><\/div><\/div>\n\n<div id=\"pl-gb3039-69d421f1a00fb\"  class=\"panel-layout wp-block-siteorigin-panels-layout-block\" ><div id=\"pg-gb3039-69d421f1a00fb-0\"  class=\"panel-grid panel-has-style\" ><div class=\"panel-row-style panel-row-style-for-gb3039-69d421f1a00fb-0\" ><div id=\"pgc-gb3039-69d421f1a00fb-0-0\"  class=\"panel-grid-cell\" ><div id=\"panel-gb3039-69d421f1a00fb-0-0-0\" class=\"so-panel widget widget_sow-editor panel-first-child\" data-index=\"0\" ><div\n\t\t\t\n\t\t\tclass=\"so-widget-sow-editor so-widget-sow-editor-base\"\n\t\t\t\n\t\t>\n<div class=\"siteorigin-widget-tinymce textwidget\">\n\t<p>The\u00a0<strong>Biomedical Signal Interpretation and Computational Simulation (BSICoS) group<\/strong>\u00a0focuses its activity on the processing, interpretation and Computer Simulation of biomedical signals.<\/p>\n<p>The main objective of the group is the development of methods for\u00a0<em>biomedical signal processing<\/em>, driven by the physiology, for personalized interpretation (diagnosis, prognosis and therapy) of the conditions of the cardiovascular, respiratory and autonomic nervous systems and their interactions.<\/p>\n<p>The goal is to improve the impact of ICTs in health and further understanding the functioning of biological systems that can be observed through noninvasive signals. Key to this is working with clinical teams and research groups that combine the experiences of the two areas, direct research to solve relevant clinical problems and facilitate the transfer of results to clinical practice.<\/p>\n<\/div>\n<\/div><\/div><div id=\"panel-gb3039-69d421f1a00fb-0-0-1\" class=\"so-panel widget widget_sow-image panel-last-child\" data-index=\"1\" ><div\n\t\t\t\n\t\t\tclass=\"so-widget-sow-image so-widget-sow-image-default-a258e6bfa2d8-3039\"\n\t\t\t\n\t\t>\n<div class=\"sow-image-container\">\n\t\t<img \n\tsrc=\"https:\/\/bsicos.i3a.es\/wp-content\/uploads\/2026\/02\/Group.jpeg\" width=\"1600\" height=\"720\" srcset=\"https:\/\/bsicos.i3a.es\/wp-content\/uploads\/2026\/02\/Group.jpeg 1600w, https:\/\/bsicos.i3a.es\/wp-content\/uploads\/2026\/02\/Group-300x135.jpeg 300w, https:\/\/bsicos.i3a.es\/wp-content\/uploads\/2026\/02\/Group-1024x461.jpeg 1024w, https:\/\/bsicos.i3a.es\/wp-content\/uploads\/2026\/02\/Group-768x346.jpeg 768w, https:\/\/bsicos.i3a.es\/wp-content\/uploads\/2026\/02\/Group-1536x691.jpeg 1536w, https:\/\/bsicos.i3a.es\/wp-content\/uploads\/2026\/02\/Group-18x8.jpeg 18w\" sizes=\"(max-width: 1600px) 100vw, 1600px\" alt=\"\" \t\tclass=\"so-widget-image\"\/>\n\t<\/div>\n\n<\/div><\/div><\/div><\/div><\/div><\/div>\n\n\n<p><\/p>\n\n\n<div  class=\"ultp-post-grid-block wp-block-ultimate-post-post-grid-2 ultp-block-d75688\"><div class=\"ultp-block-wrapper\"><div class=\"ultp-loading\"><div class=\"ultp-loading-blocks\" style=\"width:100%;height:100%;\"><div style=\"left: 0;top: 0;animation-delay:0s;\"><\/div><div style=\"left: 21px;top: 0;animation-delay:0.125s;\"><\/div><div style=\"left: 42px;top: 0;animation-delay:0.25s;\"><\/div><div style=\"left: 0;top: 21px;animation-delay:0.875s;\"><\/div><div style=\"left: 42px;top: 21px;animation-delay:0.375s;\"><\/div><div style=\"left: 0;top: 42px;animation-delay:0.75s;\"><\/div><div style=\"left: 42px;top: 42px;animation-delay:0.625s;\"><\/div><div style=\"left: 21px;top: 42px;animation-delay:0.5s;\"><\/div><\/div><\/div><div class=\"ultp-heading-filter\"><div class=\"ultp-heading-filter-in\"><div class=\"ultp-heading-wrap ultp-heading-style1 ultp-heading-left\"><h2 class=\"ultp-heading-inner\"><span>L\u00edneas de investigaci\u00f3n<\/span><\/h2><\/div><\/div><\/div><div class=\"ultp-block-items-wrap ultp-block-row\"><div class=\"ultp-block-item post-id-3051\"><div class=\"ultp-block-content-wrap ultp-block-content-overlay\"><div class=\"ultp-block-image ultp-block-image-zoomIn ultp-block-image-overlay ultp-block-image-simgleGradient\"><a href=\"https:\/\/bsicos.i3a.es\/es\/modeling-and-simulation-of-cardiac-electrophysiology\/\" ><img decoding=\"async\"  alt=\"cardiac-pulse\"  src=\"https:\/\/bsicos.i3a.es\/wp-content\/uploads\/2020\/09\/cardiac-pulse-870x570.jpg\" \/><\/a><\/div><div class=\"ultp-block-content ultp-block-content-bottomPosition\"><div class=\"ultp-block-content-inner\"><h3 class=\"ultp-block-title\"><a href=\"https:\/\/bsicos.i3a.es\/es\/modeling-and-simulation-of-cardiac-electrophysiology\/\" >MODELING AND SIMULATION OF CARDIAC ELECTROPHYSIOLOGY<\/a><\/h3><\/div><\/div><\/div><\/div><div class=\"ultp-block-item post-id-5170\"><div class=\"ultp-block-content-wrap ultp-block-content-overlay\"><div class=\"ultp-block-image ultp-block-image-zoomIn ultp-block-image-overlay ultp-block-image-simgleGradient\"><a href=\"https:\/\/bsicos.i3a.es\/es\/ecg-markers-for-arrhythmia-risk-identification\/\" ><img decoding=\"async\"  alt=\"heart\"  src=\"https:\/\/bsicos.i3a.es\/wp-content\/uploads\/2020\/09\/heart-870x570.jpg\" \/><\/a><\/div><div class=\"ultp-block-content ultp-block-content-bottomPosition\"><div class=\"ultp-block-content-inner\"><h3 class=\"ultp-block-title\"><a href=\"https:\/\/bsicos.i3a.es\/es\/ecg-markers-for-arrhythmia-risk-identification\/\" >ECG MARKERS FOR VENTRICULAR ARRHYTHMIC RISK STRATIFICATION<\/a><\/h3><\/div><\/div><\/div><\/div><div class=\"ultp-block-item post-id-6630\"><div class=\"ultp-block-content-wrap ultp-block-content-overlay\"><div class=\"ultp-block-image ultp-block-image-zoomIn ultp-block-image-overlay ultp-block-image-simgleGradient\"><a href=\"https:\/\/bsicos.i3a.es\/es\/non-invasive-risk-assessment-in-atrial-fibrillation\/\" ><img decoding=\"async\"  alt=\"ECG-AF\"  src=\"https:\/\/bsicos.i3a.es\/wp-content\/uploads\/2025\/07\/ECG-AF-870x570.jpg\" \/><\/a><\/div><div class=\"ultp-block-content ultp-block-content-bottomPosition\"><div class=\"ultp-block-content-inner\"><h3 class=\"ultp-block-title\"><a href=\"https:\/\/bsicos.i3a.es\/es\/non-invasive-risk-assessment-in-atrial-fibrillation\/\" >NON-INVASIVE RISK ASSESSMENT IN ATRIAL FIBRILLATION<\/a><\/h3><\/div><\/div><\/div><\/div><div class=\"ultp-block-item post-id-5375\"><div class=\"ultp-block-content-wrap ultp-block-content-overlay\"><div class=\"ultp-block-image ultp-block-image-zoomIn ultp-block-image-overlay ultp-block-image-simgleGradient\"><a href=\"https:\/\/bsicos.i3a.es\/es\/processing-of-intracardiac-egm-signals\/\" ><img decoding=\"async\"  alt=\"electro\"  src=\"https:\/\/bsicos.i3a.es\/wp-content\/uploads\/2020\/09\/electro-e1600848145892-870x570.jpg\" \/><\/a><\/div><div class=\"ultp-block-content ultp-block-content-bottomPosition\"><div class=\"ultp-block-content-inner\"><h3 class=\"ultp-block-title\"><a href=\"https:\/\/bsicos.i3a.es\/es\/processing-of-intracardiac-egm-signals\/\" >PROCESSING OF INTRACARDIAC EGM SIGNALS<\/a><\/h3><\/div><\/div><\/div><\/div><div class=\"ultp-block-item post-id-5384\"><div class=\"ultp-block-content-wrap ultp-block-content-overlay\"><div class=\"ultp-block-image ultp-block-image-zoomIn ultp-block-image-overlay ultp-block-image-simgleGradient\"><a href=\"https:\/\/bsicos.i3a.es\/es\/non-invasive-parametrization-of-autonomic-nervous-system\/\" ><img decoding=\"async\"  alt=\"NON-INVASIVE PARAMETRIZATION OF AUTONOMIC NERVOUS SYSTEM\"  src=\"https:\/\/bsicos.i3a.es\/wp-content\/uploads\/2020\/09\/nerves-e1600848180730-870x570.jpg\" \/><\/a><\/div><div class=\"ultp-block-content ultp-block-content-bottomPosition\"><div class=\"ultp-block-content-inner\"><h3 class=\"ultp-block-title\"><a href=\"https:\/\/bsicos.i3a.es\/es\/non-invasive-parametrization-of-autonomic-nervous-system\/\" >NON-INVASIVE PARAMETRIZATION OF AUTONOMIC NERVOUS SYSTEM<\/a><\/h3><\/div><\/div><\/div><\/div><div class=\"ultp-block-item post-id-5389\"><div class=\"ultp-block-content-wrap ultp-block-content-overlay\"><div class=\"ultp-block-image ultp-block-image-zoomIn ultp-block-image-overlay ultp-block-image-simgleGradient\"><a href=\"https:\/\/bsicos.i3a.es\/es\/biomedical-signal-processing-and-characterization-for-respiratory-pathologies\/\" ><img decoding=\"async\"  alt=\"BIOMEDICAL SIGNAL PROCESSING AND CHARACTERIZATION FOR RESPIRATORY PATHOLOGIES\"  src=\"https:\/\/bsicos.i3a.es\/wp-content\/uploads\/2020\/10\/BSICOS_RESP-e1601542066591-870x570.jpg\" \/><\/a><\/div><div class=\"ultp-block-content ultp-block-content-bottomPosition\"><div class=\"ultp-block-content-inner\"><h3 class=\"ultp-block-title\"><a href=\"https:\/\/bsicos.i3a.es\/es\/biomedical-signal-processing-and-characterization-for-respiratory-pathologies\/\" >BIOMEDICAL SIGNAL PROCESSING AND CHARACTERIZATION FOR RESPIRATORY PATHOLOGIES<\/a><\/h3><\/div><\/div><\/div><\/div><div class=\"ultp-block-item post-id-5393\"><div class=\"ultp-block-content-wrap ultp-block-content-overlay\"><div class=\"ultp-block-image ultp-block-image-zoomIn ultp-block-image-overlay ultp-block-image-simgleGradient\"><a href=\"https:\/\/bsicos.i3a.es\/es\/experimental-characterization-and-in-vitro-modeling-of-cardiac-aging\/\" ><img decoding=\"async\"  alt=\"in-vitro-modelling\"  src=\"https:\/\/bsicos.i3a.es\/wp-content\/uploads\/2020\/10\/in-vitro-modelling-870x564.jpg\" \/><\/a><\/div><div class=\"ultp-block-content ultp-block-content-bottomPosition\"><div class=\"ultp-block-content-inner\"><h3 class=\"ultp-block-title\"><a href=\"https:\/\/bsicos.i3a.es\/es\/experimental-characterization-and-in-vitro-modeling-of-cardiac-aging\/\" >EXPERIMENTAL CHARACTERIZATION AND IN-VITRO MODELING OF CARDIAC AGING<\/a><\/h3><\/div><\/div><\/div><\/div><div class=\"ultp-block-item post-id-5403\"><div class=\"ultp-block-content-wrap ultp-block-content-overlay\"><div class=\"ultp-block-image ultp-block-image-zoomIn ultp-block-image-overlay ultp-block-image-simgleGradient\"><a href=\"https:\/\/bsicos.i3a.es\/es\/long-term-monitoring-using-wearable-devices\/\" ><img decoding=\"async\"  alt=\"LONG-TERM MONITORING USING WEARABLE DEVICES\"  src=\"https:\/\/bsicos.i3a.es\/wp-content\/uploads\/2021\/02\/wearable-scaled-e1614842169966-870x570.jpg\" \/><\/a><\/div><div class=\"ultp-block-content ultp-block-content-bottomPosition\"><div class=\"ultp-block-content-inner\"><h3 class=\"ultp-block-title\"><a href=\"https:\/\/bsicos.i3a.es\/es\/long-term-monitoring-using-wearable-devices\/\" >LONG-TERM MONITORING USING WEARABLE DEVICES<\/a><\/h3><\/div><\/div><\/div><\/div><div class=\"ultp-block-item post-id-5409\"><div class=\"ultp-block-content-wrap ultp-block-content-overlay\"><div class=\"ultp-block-image ultp-block-image-zoomIn ultp-block-image-overlay ultp-block-image-simgleGradient\"><a href=\"https:\/\/bsicos.i3a.es\/es\/neural-interfaces-with-the-central-nervous-system-to-study-movement\/\" ><img decoding=\"async\"  alt=\"brain computer\"  src=\"https:\/\/bsicos.i3a.es\/wp-content\/uploads\/2021\/10\/brain-1-870x570.jpg\" \/><\/a><\/div><div class=\"ultp-block-content ultp-block-content-bottomPosition\"><div class=\"ultp-block-content-inner\"><h3 class=\"ultp-block-title\"><a href=\"https:\/\/bsicos.i3a.es\/es\/neural-interfaces-with-the-central-nervous-system-to-study-movement\/\" >NEURAL INTERFACES WITH THE CENTRAL NERVOUS SYSTEM TO STUDY MOVEMENT<\/a><\/h3><\/div><\/div><\/div><\/div><div class=\"ultp-block-item post-id-5414\"><div class=\"ultp-block-content-wrap ultp-block-content-overlay\"><div class=\"ultp-block-image ultp-block-image-zoomIn ultp-block-image-overlay ultp-block-image-simgleGradient\"><a href=\"https:\/\/bsicos.i3a.es\/es\/genetics-of-cardiovascular-risk\/\" ><img decoding=\"async\"  alt=\"GENETICS OF CARDIOVASCULAR RISK\"  src=\"https:\/\/bsicos.i3a.es\/wp-content\/uploads\/2023\/05\/Genetics-and-bioinformatics-870x570.png\" \/><\/a><\/div><div class=\"ultp-block-content ultp-block-content-bottomPosition\"><div class=\"ultp-block-content-inner\"><h3 class=\"ultp-block-title\"><a href=\"https:\/\/bsicos.i3a.es\/es\/genetics-of-cardiovascular-risk\/\" >GENETICS OF CARDIOVASCULAR RISK<\/a><\/h3><\/div><\/div><\/div><\/div><div class=\"ultp-block-item post-id-6337\"><div class=\"ultp-block-content-wrap ultp-block-content-overlay\"><div class=\"ultp-block-image ultp-block-image-zoomIn ultp-block-image-overlay ultp-block-image-simgleGradient\"><a href=\"https:\/\/bsicos.i3a.es\/es\/artificial-intelligence-for-biomedical-data-processing-and-characterization\/\" ><img decoding=\"async\"  alt=\"ARTIFICIAL INTELLIGENCE FOR BIOMEDICAL DATA PROCESSING AND CHARACTERIZATION\"  src=\"https:\/\/bsicos.i3a.es\/wp-content\/uploads\/2024\/04\/AI_2-870x570.jpg\" \/><\/a><\/div><div class=\"ultp-block-content ultp-block-content-bottomPosition\"><div class=\"ultp-block-content-inner\"><h3 class=\"ultp-block-title\"><a href=\"https:\/\/bsicos.i3a.es\/es\/artificial-intelligence-for-biomedical-data-processing-and-characterization\/\" >ARTIFICIAL INTELLIGENCE FOR BIOMEDICAL DATA PROCESSING AND CHARACTERIZATION<\/a><\/h3><\/div><\/div><\/div><\/div><div class=\"ultp-block-item post-id-6438\"><div class=\"ultp-block-content-wrap ultp-block-content-overlay\"><div class=\"ultp-block-image ultp-block-image-zoomIn ultp-block-image-overlay ultp-block-image-simgleGradient\"><a href=\"https:\/\/bsicos.i3a.es\/es\/in-vitro-and-ex-vivo-experimental-electrophysiology\/\" ><img decoding=\"async\"  alt=\"IN-VITRO AND EX-VIVO EXPERIMENTAL ELECTROPHYSIOLOGY\"  src=\"https:\/\/bsicos.i3a.es\/wp-content\/uploads\/2024\/06\/cardiac-electrophysiology-1-870x570.png\" \/><\/a><\/div><div class=\"ultp-block-content ultp-block-content-bottomPosition\"><div class=\"ultp-block-content-inner\"><h3 class=\"ultp-block-title\"><a href=\"https:\/\/bsicos.i3a.es\/es\/in-vitro-and-ex-vivo-experimental-electrophysiology\/\" >IN-VITRO AND EX-VIVO EXPERIMENTAL ELECTROPHYSIOLOGY<\/a><\/h3><\/div><\/div><\/div><\/div><\/div><\/div><div class=\"pagination-block-html\" aria-hidden=\"true\" style=\"display: none;\"><\/div><\/div>\n\n\n\n<div  class=\"ultp-post-grid-block wp-block-ultimate-post-post-grid-4 ultp-block-b567c4\"><div class=\"ultp-block-wrapper\"><div class=\"ultp-loading\"><div class=\"ultp-loading-blocks\" style=\"width:100%;height:100%;\"><div style=\"left: 0;top: 0;animation-delay:0s;\"><\/div><div style=\"left: 21px;top: 0;animation-delay:0.125s;\"><\/div><div style=\"left: 42px;top: 0;animation-delay:0.25s;\"><\/div><div style=\"left: 0;top: 21px;animation-delay:0.875s;\"><\/div><div style=\"left: 42px;top: 21px;animation-delay:0.375s;\"><\/div><div style=\"left: 0;top: 42px;animation-delay:0.75s;\"><\/div><div style=\"left: 42px;top: 42px;animation-delay:0.625s;\"><\/div><div style=\"left: 21px;top: 42px;animation-delay:0.5s;\"><\/div><\/div><\/div><div class=\"ultp-heading-filter\"><div class=\"ultp-heading-filter-in\"><div class=\"ultp-heading-wrap ultp-heading-style1 ultp-heading-left\"><h2 class=\"ultp-heading-inner\"><span>Noticias<\/span><\/h2><\/div><\/div><\/div><div class=\"ultp-block-items-wrap ultp-block-row ultp-layout1 ultp-block-content-\"><div class=\"ultp-block-item post-id-6827\"><div class=\"ultp-block-content-wrap ultp-block-content-overlay\"><div class=\"ultp-block-image ultp-block-image-zoomIn ultp-block-image-overlay ultp-block-image-flat\"><a href=\"https:\/\/bsicos.i3a.es\/es\/un-modelo-aragones-de-ia-logra-medir-el-dolor-de-forma-objetiva-e-inclusiva\/\" ><img decoding=\"async\"  alt=\"grupo web bsicos\"  src=\"https:\/\/bsicos.i3a.es\/wp-content\/uploads\/2025\/12\/grupo-web-bsicos-870x570.jpg\" \/><\/a><\/div><div class=\"ultp-block-content ultp-block-content-bottomPosition\"><div class=\"ultp-block-content-inner\"><h3 class=\"ultp-block-title\"><a href=\"https:\/\/bsicos.i3a.es\/es\/un-modelo-aragones-de-ia-logra-medir-el-dolor-de-forma-objetiva-e-inclusiva\/\" >Un modelo aragon\u00e9s de IA logra medir el dolor de forma objetiva e inclusiva<\/a><\/h3><div class=\"ultp-block-meta ultp-block-meta-dot ultp-block-meta-icon\"><span class=\"ultp-block-date ultp-block-meta-element\"><svg xmlns=\"http:\/\/www.w3.org\/2000\/svg\" fill=\"none\" viewbox=\"0 0 24 24\">\n  <path stroke=\"currentColor\" stroke-linecap=\"round\" stroke-linejoin=\"round\" stroke-width=\"1.5\" d=\"M3 5.5a2 2 0 0 1 2-2h14a2 2 0 0 1 2 2v14a2 2 0 0 1-2 2H5a2 2 0 0 1-2-2v-14ZM8 2v3m8-3v3M3 9h18\"\/>\n<\/svg>\nDic 16, 2025<\/span><\/div><\/div><\/div><\/div><\/div><div class=\"ultp-block-item post-id-6776\"><div class=\"ultp-block-content-wrap ultp-block-content-overlay\"><div class=\"ultp-block-image ultp-block-image-zoomIn ultp-block-image-overlay ultp-block-image-flat\"><a href=\"https:\/\/bsicos.i3a.es\/es\/research-on-heart-health-14-researchers-present-their-scientific-advances-at-computing-in-cardiology-2025\/\" ><img decoding=\"async\"  alt=\"Research on heart health: 14 researchers present their scientific advances at Computing in Cardiology 2025\"  src=\"https:\/\/bsicos.i3a.es\/wp-content\/uploads\/2025\/10\/fotoGrupal_CinC2025-600x600.jpeg\" \/><\/a><\/div><div class=\"ultp-block-content ultp-block-content-bottomPosition\"><div class=\"ultp-block-content-inner\"><h3 class=\"ultp-block-title\"><a href=\"https:\/\/bsicos.i3a.es\/es\/research-on-heart-health-14-researchers-present-their-scientific-advances-at-computing-in-cardiology-2025\/\" >Research on heart health: 14 researchers present their scientific advances at Computing in Cardiology 2025<\/a><\/h3><div class=\"ultp-block-meta ultp-block-meta-dot ultp-block-meta-icon\"><span class=\"ultp-block-date ultp-block-meta-element\"><svg xmlns=\"http:\/\/www.w3.org\/2000\/svg\" fill=\"none\" viewbox=\"0 0 24 24\">\n  <path stroke=\"currentColor\" stroke-linecap=\"round\" stroke-linejoin=\"round\" stroke-width=\"1.5\" d=\"M3 5.5a2 2 0 0 1 2-2h14a2 2 0 0 1 2 2v14a2 2 0 0 1-2 2H5a2 2 0 0 1-2-2v-14ZM8 2v3m8-3v3M3 9h18\"\/>\n<\/svg>\nOct 7, 2025<\/span><\/div><\/div><\/div><\/div><\/div><div class=\"ultp-block-item post-id-6767\"><div class=\"ultp-block-content-wrap ultp-block-content-overlay\"><div class=\"ultp-block-image ultp-block-image-zoomIn ultp-block-image-overlay ultp-block-image-flat\"><a href=\"https:\/\/bsicos.i3a.es\/es\/un-equipo-de-investigacion-de-la-universidad-de-zaragoza-desarrolla-un-biomarcador-sanguineo-que-estima-la-edad-biologica-en-relacion-a-parametros-de-salud-cardiovascular\/\" ><img decoding=\"async\"  alt=\"Un equipo de investigaci\u00f3n de la Universidad de Zaragoza desarrolla un biomarcador sangu\u00edneo que estima la edad biol\u00f3gica en relaci\u00f3n a par\u00e1metros de salud cardiovascular\"  src=\"https:\/\/bsicos.i3a.es\/wp-content\/uploads\/2025\/09\/Corazon-robina-weermeijer-unsplash-600x600.jpg\" \/><\/a><\/div><div class=\"ultp-block-content ultp-block-content-bottomPosition\"><div class=\"ultp-block-content-inner\"><h3 class=\"ultp-block-title\"><a href=\"https:\/\/bsicos.i3a.es\/es\/un-equipo-de-investigacion-de-la-universidad-de-zaragoza-desarrolla-un-biomarcador-sanguineo-que-estima-la-edad-biologica-en-relacion-a-parametros-de-salud-cardiovascular\/\" >Un equipo de investigaci\u00f3n de la Universidad de Zaragoza desarrolla un biomarcador sangu\u00edneo que estima la edad biol\u00f3gica en relaci\u00f3n a par\u00e1metros de salud cardiovascular<\/a><\/h3><div class=\"ultp-block-meta ultp-block-meta-dot ultp-block-meta-icon\"><span class=\"ultp-block-date ultp-block-meta-element\"><svg xmlns=\"http:\/\/www.w3.org\/2000\/svg\" fill=\"none\" viewbox=\"0 0 24 24\">\n  <path stroke=\"currentColor\" stroke-linecap=\"round\" stroke-linejoin=\"round\" stroke-width=\"1.5\" d=\"M3 5.5a2 2 0 0 1 2-2h14a2 2 0 0 1 2 2v14a2 2 0 0 1-2 2H5a2 2 0 0 1-2-2v-14ZM8 2v3m8-3v3M3 9h18\"\/>\n<\/svg>\nSep 24, 2025<\/span><\/div><\/div><\/div><\/div><\/div><\/div><\/div><div class=\"pagination-block-html\" aria-hidden=\"true\" style=\"display: none;\"><\/div><\/div>","protected":false},"excerpt":{"rendered":"","protected":false},"author":1,"featured_media":0,"parent":0,"menu_order":0,"comment_status":"closed","ping_status":"closed","template":"","meta":{"footnotes":""},"class_list":["post-3039","page","type-page","status-publish"],"_links":{"self":[{"href":"https:\/\/bsicos.i3a.es\/es\/wp-json\/wp\/v2\/pages\/3039","targetHints":{"allow":["GET"]}}],"collection":[{"href":"https:\/\/bsicos.i3a.es\/es\/wp-json\/wp\/v2\/pages"}],"about":[{"href":"https:\/\/bsicos.i3a.es\/es\/wp-json\/wp\/v2\/types\/page"}],"author":[{"embeddable":true,"href":"https:\/\/bsicos.i3a.es\/es\/wp-json\/wp\/v2\/users\/1"}],"replies":[{"embeddable":true,"href":"https:\/\/bsicos.i3a.es\/es\/wp-json\/wp\/v2\/comments?post=3039"}],"version-history":[{"count":105,"href":"https:\/\/bsicos.i3a.es\/es\/wp-json\/wp\/v2\/pages\/3039\/revisions"}],"predecessor-version":[{"id":6865,"href":"https:\/\/bsicos.i3a.es\/es\/wp-json\/wp\/v2\/pages\/3039\/revisions\/6865"}],"wp:attachment":[{"href":"https:\/\/bsicos.i3a.es\/es\/wp-json\/wp\/v2\/media?parent=3039"}],"curies":[{"name":"wp","href":"https:\/\/api.w.org\/{rel}","templated":true}]}}