{"id":5151,"date":"2023-09-06T14:11:50","date_gmt":"2023-09-06T12:11:50","guid":{"rendered":"https:\/\/bsicos-dev.i3a.es\/?page_id=5151"},"modified":"2023-10-02T11:56:29","modified_gmt":"2023-10-02T09:56:29","slug":"wearable-devices-projects","status":"publish","type":"page","link":"https:\/\/bsicos.i3a.es\/es\/wearable-devices-projects\/","title":{"rendered":"WEARABLE DEVICES PROJECTS"},"content":{"rendered":"<div id=\"pl-gb5151-69e4ef1a662b3\"  class=\"panel-layout\" ><div id=\"pg-gb5151-69e4ef1a662b3-0\"  class=\"panel-grid panel-has-style\" ><div class=\"siteorigin-panels-stretch panel-row-style panel-row-style-for-gb5151-69e4ef1a662b3-0\" data-stretch-type=\"full-width-stretch\" ><div id=\"pgc-gb5151-69e4ef1a662b3-0-0\"  class=\"panel-grid-cell\" ><div id=\"panel-gb5151-69e4ef1a662b3-0-0-0\" class=\"so-panel widget widget_sow-hero panel-first-child panel-last-child\" data-index=\"0\" ><div\n\t\t\t\n\t\t\tclass=\"so-widget-sow-hero so-widget-sow-hero-default-93415d0e2dbf-5151 so-widget-fittext-wrapper\"\n\t\t\t data-fit-text-compressor=\"0.85\"\n\t\t>\t\t\t\t<div class=\"sow-slider-base\" style=\"display: none\" tabindex=\"0\">\n\t\t\t\t\t<ul\n\t\t\t\t\tclass=\"sow-slider-images\"\n\t\t\t\t\tdata-settings=\"{&quot;pagination&quot;:true,&quot;speed&quot;:800,&quot;timeout&quot;:8000,&quot;paused&quot;:false,&quot;pause_on_hover&quot;:false,&quot;swipe&quot;:true,&quot;nav_always_show_desktop&quot;:&quot;&quot;,&quot;nav_always_show_mobile&quot;:&quot;&quot;,&quot;breakpoint&quot;:&quot;780px&quot;,&quot;unmute&quot;:false,&quot;anchor&quot;:null}\"\n\t\t\t\t\t\t\t\t\t\tdata-anchor-id=\"\"\n\t\t\t\t>\t\t<li class=\"sow-slider-image\" style=\"visibility: visible;;background-color: #1e73be\" >\n\t\t\t\t\t<div class=\"sow-slider-image-container\">\n\t\t\t<div class=\"sow-slider-image-wrapper\">\n\t\t\t\t<h3 style=\"text-align: center\"><a href=\"..\/all-projects\/\">Proyectos<\/a><\/h3>\n<h1 class=\"ultp-block-title\" style=\"text-align: center\">WEARABLE DEVICES<\/h1>\t\t\t<\/div>\n\t\t<\/div>\n\t\t\t\t<\/li>\n\t\t<\/ul>\t\t\t\t<ol class=\"sow-slider-pagination\">\n\t\t\t\t\t\t\t\t\t\t\t<li><a href=\"#\" data-goto=\"0\" aria-label=\"mostrar diapositiva 1\"><\/a><\/li>\n\t\t\t\t\t\t\t\t\t<\/ol>\n\n\t\t\t\t<div class=\"sow-slide-nav sow-slide-nav-next\">\n\t\t\t\t\t<a href=\"#\" data-goto=\"next\" aria-label=\"diapositiva siguiente\" data-action=\"next\">\n\t\t\t\t\t\t<em class=\"sow-sld-icon-thin-right\"><\/em>\n\t\t\t\t\t<\/a>\n\t\t\t\t<\/div>\n\n\t\t\t\t<div class=\"sow-slide-nav sow-slide-nav-prev\">\n\t\t\t\t\t<a href=\"#\" data-goto=\"previous\" aria-label=\"diapositiva anterior\" data-action=\"prev\">\n\t\t\t\t\t\t<em class=\"sow-sld-icon-thin-left\"><\/em>\n\t\t\t\t\t<\/a>\n\t\t\t\t<\/div>\n\t\t\t\t<\/div><\/div><\/div><\/div><\/div><\/div><\/div>\n\n<div  class=\"ultp-post-grid-block wp-block-ultimate-post-post-grid-2 ultp-block-48e9c9\"><div class=\"ultp-block-wrapper\"><div class=\"ultp-loading\"><div class=\"ultp-loading-blocks\" style=\"width:100%;height:100%;\"><div style=\"left: 0;top: 0;animation-delay:0s;\"><\/div><div style=\"left: 21px;top: 0;animation-delay:0.125s;\"><\/div><div style=\"left: 42px;top: 0;animation-delay:0.25s;\"><\/div><div style=\"left: 0;top: 21px;animation-delay:0.875s;\"><\/div><div style=\"left: 42px;top: 21px;animation-delay:0.375s;\"><\/div><div style=\"left: 0;top: 42px;animation-delay:0.75s;\"><\/div><div style=\"left: 42px;top: 42px;animation-delay:0.625s;\"><\/div><div style=\"left: 21px;top: 42px;animation-delay:0.5s;\"><\/div><\/div><\/div><div class=\"ultp-block-items-wrap ultp-block-row\"><div class=\"ultp-block-item post-id-6602\"><div class=\"ultp-block-content-wrap ultp-block-content-overlay\"><div class=\"ultp-block-image ultp-block-image-zoomOut\"><a href=\"https:\/\/bsicos.i3a.es\/es\/physixr-analisis-de-senales-fisiologicas-en-entornos-de-realidad-extendida-para-la-evaluacion-de-la-atencion-impulso\/\" ><img decoding=\"async\"  alt=\"PHYSIXR: An\u00e1lisis de se\u00f1ales fisiol\u00f3gicas en entornos de realidad extendida para la evaluaci\u00f3n de la atenci\u00f3n (IMPULSO)\"  src=\"https:\/\/bsicos.i3a.es\/wp-content\/uploads\/2022\/03\/Fondo-proyecto-870x570.png\" \/><\/a><\/div><div class=\"ultp-block-content ultp-block-content-middlePosition\"><div class=\"ultp-block-content-inner\"><h3 class=\"ultp-block-title\"><a href=\"https:\/\/bsicos.i3a.es\/es\/physixr-analisis-de-senales-fisiologicas-en-entornos-de-realidad-extendida-para-la-evaluacion-de-la-atencion-impulso\/\" >PHYSIXR: An\u00e1lisis de se\u00f1ales fisiol\u00f3gicas en entornos de realidad extendida para la evaluaci\u00f3n de la atenci\u00f3n (IMPULSO)<\/a><\/h3><\/div><\/div><\/div><\/div><div class=\"ultp-block-item post-id-5127\"><div class=\"ultp-block-content-wrap ultp-block-content-overlay\"><div class=\"ultp-block-image ultp-block-image-zoomOut\"><a href=\"https:\/\/bsicos.i3a.es\/es\/closed-loop-stimulation-of-the-central-nervous-system-to-modulate-tremoroscillations-in-the-motor-nervous-system-pid-2022-138585oa-c32\/\" ><img decoding=\"async\"  alt=\"Closed-loop stimulation of the central nervous system to modulate tremoroscillations in the motor nervous system: PID-2022-138585OA-C32\"  src=\"https:\/\/bsicos.i3a.es\/wp-content\/uploads\/2022\/03\/Fondo-proyecto-870x570.png\" \/><\/a><\/div><div class=\"ultp-block-content ultp-block-content-middlePosition\"><div class=\"ultp-block-content-inner\"><h3 class=\"ultp-block-title\"><a href=\"https:\/\/bsicos.i3a.es\/es\/closed-loop-stimulation-of-the-central-nervous-system-to-modulate-tremoroscillations-in-the-motor-nervous-system-pid-2022-138585oa-c32\/\" >Closed-loop stimulation of the central nervous system to modulate tremoroscillations in the motor nervous system: PID-2022-138585OA-C32<\/a><\/h3><\/div><\/div><\/div><\/div><div class=\"ultp-block-item post-id-5079\"><div class=\"ultp-block-content-wrap ultp-block-content-overlay\"><div class=\"ultp-block-image ultp-block-image-zoomOut\"><a href=\"https:\/\/bsicos.i3a.es\/es\/consulting-services-for-basic-physiologic-features\/\" ><img decoding=\"async\"  alt=\"Consulting services for basic physiologic features\"  src=\"https:\/\/bsicos.i3a.es\/wp-content\/uploads\/2022\/03\/Fondo-proyecto-870x570.png\" \/><\/a><\/div><div class=\"ultp-block-content ultp-block-content-middlePosition\"><div class=\"ultp-block-content-inner\"><h3 class=\"ultp-block-title\"><a href=\"https:\/\/bsicos.i3a.es\/es\/consulting-services-for-basic-physiologic-features\/\" >Consulting services for basic physiologic features<\/a><\/h3><\/div><\/div><\/div><\/div><\/div><\/div><div class=\"pagination-block-html\" aria-hidden=\"true\" style=\"display: none;\"><\/div><\/div>\n\n<div  class=\"ultp-post-grid-block wp-block-ultimate-post-post-list-1 ultp-block-e343ed\"><div class=\"ultp-block-wrapper\"><div class=\"ultp-loading\"><div class=\"ultp-loading-blocks\" style=\"width:100%;height:100%;\"><div style=\"left: 0;top: 0;animation-delay:0s;\"><\/div><div style=\"left: 21px;top: 0;animation-delay:0.125s;\"><\/div><div style=\"left: 42px;top: 0;animation-delay:0.25s;\"><\/div><div style=\"left: 0;top: 21px;animation-delay:0.875s;\"><\/div><div style=\"left: 42px;top: 21px;animation-delay:0.375s;\"><\/div><div style=\"left: 0;top: 42px;animation-delay:0.75s;\"><\/div><div style=\"left: 42px;top: 42px;animation-delay:0.625s;\"><\/div><div style=\"left: 21px;top: 42px;animation-delay:0.5s;\"><\/div><\/div><\/div><div class=\"ultp-heading-filter\"><div class=\"ultp-heading-filter-in\"><div class=\"ultp-heading-wrap ultp-heading-style15 ultp-heading-left\"><h2 class=\"ultp-heading-inner\"><span>Acabados<\/span><\/h2><\/div><\/div><\/div><div class=\"ultp-block-items-wrap ultp-block-row ultp-block-column-1 ultp-pl1a-style1 ultp-post-list1-layout1\"><div class=\"ultp-block-item post-id-5828\"><div class=\"ultp-block-content-wrap\"><div class=\"ultp-block-entry-content\"><div class=\"ultp-block-entry-heading\"><h4 class=\"ultp-block-title\"><a href=\"https:\/\/bsicos.i3a.es\/es\/ppg-based-sleep-apnea-monitoring\/\" >PPG-based sleep apnea monitoring<\/a><\/h4><\/div><\/div><div class=\"ultp-block-content\"><\/div><\/div><\/div><div class=\"ultp-block-item post-id-5812\"><div class=\"ultp-block-content-wrap\"><div class=\"ultp-block-entry-content\"><div class=\"ultp-block-entry-heading\"><h4 class=\"ultp-block-title\"><a href=\"https:\/\/bsicos.i3a.es\/es\/physiologically-guided-signal-analysis-for-ambulatory-monitoring-of-depression\/\" >Physiologically guided signal analysis for ambulatory monitoring of depression<\/a><\/h4><\/div><\/div><div class=\"ultp-block-content\"><\/div><\/div><\/div><div class=\"ultp-block-item post-id-5810\"><div class=\"ultp-block-content-wrap\"><div class=\"ultp-block-entry-content\"><div class=\"ultp-block-entry-heading\"><h4 class=\"ultp-block-title\"><a href=\"https:\/\/bsicos.i3a.es\/es\/characterization-and-modeling-of-the-physiological-response-in-variable-hyperbaric-environments\/\" >Characterization and modeling of the physiological response in variable hyperbaric environments<\/a><\/h4><\/div><\/div><div class=\"ultp-block-content\"><\/div><\/div><\/div><div class=\"ultp-block-item post-id-5808\"><div class=\"ultp-block-content-wrap\"><div class=\"ultp-block-entry-content\"><div class=\"ultp-block-entry-heading\"><h4 class=\"ultp-block-title\"><a href=\"https:\/\/bsicos.i3a.es\/es\/improved-monitoring-of-the-autonomic-nervous-system-during-daily-life-applied-to-stress-depression-and-exercise\/\" >Improved monitoring of the autonomic nervous system during daily life applied to stress, depression and exercise<\/a><\/h4><\/div><\/div><div class=\"ultp-block-content\"><\/div><\/div><\/div><div class=\"ultp-block-item post-id-5802\"><div class=\"ultp-block-content-wrap\"><div class=\"ultp-block-entry-content\"><div class=\"ultp-block-entry-heading\"><h4 class=\"ultp-block-title\"><a href=\"https:\/\/bsicos.i3a.es\/es\/biomedical-monitoring-prototype-integrated-in-diving-equipment-for-underwater-environment\/\" >Biomedical monitoring prototype integrated in diving equipment for underwater environment<\/a><\/h4><\/div><\/div><div class=\"ultp-block-content\"><\/div><\/div><\/div><div class=\"ultp-block-item post-id-5798\"><div class=\"ultp-block-content-wrap\"><div class=\"ultp-block-entry-content\"><div class=\"ultp-block-entry-heading\"><h4 class=\"ultp-block-title\"><a href=\"https:\/\/bsicos.i3a.es\/es\/improvement-of-a-device-for-real-time-monitoring-of-the-photoplestimographic-signal-in-hyperbaric-environments\/\" >Improvement of a device for real-time monitoring of the photoplestimographic signal in hyperbaric environments<\/a><\/h4><\/div><\/div><div class=\"ultp-block-content\"><\/div><\/div><\/div><div class=\"ultp-block-item post-id-5788\"><div class=\"ultp-block-content-wrap\"><div class=\"ultp-block-entry-content\"><div class=\"ultp-block-entry-heading\"><h4 class=\"ultp-block-title\"><a href=\"https:\/\/bsicos.i3a.es\/es\/validation-of-pulse-rate-variability-respiratory-frequency-and-stress-assessment-from-nivaband\/\" >Validation of pulse rate variability, respiratory frequency and stress assessment from NIVAband<\/a><\/h4><\/div><\/div><div class=\"ultp-block-content\"><\/div><\/div><\/div><div class=\"ultp-block-item post-id-5786\"><div class=\"ultp-block-content-wrap\"><div class=\"ultp-block-entry-content\"><div class=\"ultp-block-entry-heading\"><h4 class=\"ultp-block-title\"><a href=\"https:\/\/bsicos.i3a.es\/es\/wecarmon-wearable-cardiorespiratory-monitor\/\" >WECARMON: Wearable Cardiorespiratory Monitor<\/a><\/h4><\/div><\/div><div class=\"ultp-block-content\"><\/div><\/div><\/div><div class=\"ultp-block-item post-id-5784\"><div class=\"ultp-block-content-wrap\"><div class=\"ultp-block-entry-content\"><div class=\"ultp-block-entry-heading\"><h4 class=\"ultp-block-title\"><a href=\"https:\/\/bsicos.i3a.es\/es\/optimization-of-a-submersible-device-for-monitoring-the-photoplesthymographic-signal\/\" >Optimization of a submersible device for monitoring the photoplesthymographic signal<\/a><\/h4><\/div><\/div><div class=\"ultp-block-content\"><\/div><\/div><\/div><div class=\"ultp-block-item post-id-5778\"><div class=\"ultp-block-content-wrap\"><div class=\"ultp-block-entry-content\"><div class=\"ultp-block-entry-heading\"><h4 class=\"ultp-block-title\"><a href=\"https:\/\/bsicos.i3a.es\/es\/remote-assessment-of-disease-and-relapse-in-central-nervous-system-disorders-radar-cns\/\" >Remote Assessment of Disease and Relapse in Central Nervous System Disorders (RADAR-CNS)<\/a><\/h4><\/div><\/div><div class=\"ultp-block-content\"><\/div><\/div><\/div><div class=\"ultp-block-item post-id-5764\"><div class=\"ultp-block-content-wrap\"><div class=\"ultp-block-entry-content\"><div class=\"ultp-block-entry-heading\"><h4 class=\"ultp-block-title\"><a href=\"https:\/\/bsicos.i3a.es\/es\/design-and-validation-of-a-submersible-device-for-the-monitoring-of-the-autonomous-nervous-system-through-the-recording-of-pulse-photoplethysmography-in-aquatic-activities\/\" >Design and validation of a submersible device for the monitoring of the Autonomous Nervous System through the recording of pulse photoplethysmography in aquatic activities<\/a><\/h4><\/div><\/div><div class=\"ultp-block-content\"><\/div><\/div><\/div><div class=\"ultp-block-item post-id-5131\"><div class=\"ultp-block-content-wrap\"><div class=\"ultp-block-entry-content\"><div class=\"ultp-block-entry-heading\"><h4 class=\"ultp-block-title\"><a href=\"https:\/\/bsicos.i3a.es\/es\/towards-improved-management-of-cardiovascular-diseases-by-integrative-in-silico-in-vitro-in-vivo-research-into-hearts-structure-function-and-autonomic-regulation-pid2019-105674rb-i00\/\" >Towards improved management of cardiovascular diseases by integrative in silico-in vitro-in vivo research into hearts structure, function and autonomic regulation \u2013 PID2019-105674RB-I00<\/a><\/h4><\/div><\/div><div class=\"ultp-block-content\"><\/div><\/div><\/div><div class=\"ultp-block-item post-id-5121\"><div class=\"ultp-block-content-wrap\"><div class=\"ultp-block-entry-content\"><div class=\"ultp-block-entry-heading\"><h4 class=\"ultp-block-title\"><a href=\"https:\/\/bsicos.i3a.es\/es\/jiuz2022-iar-02-respiration-monitoring-by-means-of-a-wrist-worn-wearable-device-prototype\/\" >JIUZ2022-IAR-02: Respiration monitoring by means of a wrist-worn wearable device prototype<\/a><\/h4><\/div><\/div><div class=\"ultp-block-content\"><\/div><\/div><\/div><div class=\"ultp-block-item post-id-5119\"><div class=\"ultp-block-content-wrap\"><div class=\"ultp-block-entry-content\"><div class=\"ultp-block-entry-heading\"><h4 class=\"ultp-block-title\"><a href=\"https:\/\/bsicos.i3a.es\/es\/uz2022-iar-06-towards-a-system-for-diagnosis-and-monitoring-sleep-apnea-hypopnea-syndrome-at-home-based-on-a-wearable-armband\/\" >UZ2022-IAR-06: Towards a system for diagnosis and monitoring sleep apnea-hypopnea syndrome at home based on a wearable armband<\/a><\/h4><\/div><\/div><div class=\"ultp-block-content\"><\/div><\/div><\/div><div class=\"ultp-block-item post-id-5115\"><div class=\"ultp-block-content-wrap\"><div class=\"ultp-block-entry-content\"><div class=\"ultp-block-entry-heading\"><h4 class=\"ultp-block-title\"><a href=\"https:\/\/bsicos.i3a.es\/es\/implementation-of-wearable-technology-in-primary-health-care-for-personalized-exercise-medicine-wearablepermed-pmp22-00002\/\" >Implementation of wearable technology in primary health care for personalized exercise medicine (WearablePerMed) \u2013 PMP22\/00002<\/a><\/h4><\/div><\/div><div class=\"ultp-block-content\"><\/div><\/div><\/div><div class=\"ultp-block-item post-id-5113\"><div class=\"ultp-block-content-wrap\"><div class=\"ultp-block-entry-content\"><div class=\"ultp-block-entry-heading\"><h4 class=\"ultp-block-title\"><a href=\"https:\/\/bsicos.i3a.es\/es\/major-depressive-disorder-monitoring-system-development-of-a-platform-based-on-wearable-devices-in-relevant-scenarios-pdc2022-133197-i00\/\" >Major Depressive Disorder monitoring system: development of a platform based on wearable devices in relevant scenarios \u2013 PDC2022-133197-I00<\/a><\/h4><\/div><\/div><div class=\"ultp-block-content\"><\/div><\/div><\/div><div class=\"ultp-block-item post-id-5109\"><div class=\"ultp-block-content-wrap\"><div class=\"ultp-block-entry-content\"><div class=\"ultp-block-entry-heading\"><h4 class=\"ultp-block-title\"><a href=\"https:\/\/bsicos.i3a.es\/es\/monitoring-and-assessment-of-obstructive-sleep-apnea-and-its-outcomes-through-the-processing-of-physiological-signals-of-wearables-pid2021-126734ob-c21\/\" >Monitoring and assessment of obstructive sleep apnea and its outcomes through the processing of physiological signals of wearables \u2013 PID2021-126734OB-C21<\/a><\/h4><\/div><\/div><div class=\"ultp-block-content\"><\/div><\/div><\/div><div class=\"ultp-block-item post-id-5101\"><div class=\"ultp-block-content-wrap\"><div class=\"ultp-block-entry-content\"><div class=\"ultp-block-entry-heading\"><h4 class=\"ultp-block-title\"><a href=\"https:\/\/bsicos.i3a.es\/es\/tidal-volume-monitoring-by-a-wearable-armband\/\" >Tidal Volume Monitoring by a Wearable Armband<\/a><\/h4><\/div><\/div><div class=\"ultp-block-content\"><\/div><\/div><\/div><\/div><\/div><div class=\"pagination-block-html\" aria-hidden=\"true\" style=\"display: none;\"><\/div><\/div>","protected":false},"excerpt":{"rendered":"","protected":false},"author":1,"featured_media":0,"parent":0,"menu_order":0,"comment_status":"closed","ping_status":"closed","template":"","meta":{"footnotes":""},"class_list":["post-5151","page","type-page","status-publish"],"_links":{"self":[{"href":"https:\/\/bsicos.i3a.es\/es\/wp-json\/wp\/v2\/pages\/5151","targetHints":{"allow":["GET"]}}],"collection":[{"href":"https:\/\/bsicos.i3a.es\/es\/wp-json\/wp\/v2\/pages"}],"about":[{"href":"https:\/\/bsicos.i3a.es\/es\/wp-json\/wp\/v2\/types\/page"}],"author":[{"embeddable":true,"href":"https:\/\/bsicos.i3a.es\/es\/wp-json\/wp\/v2\/users\/1"}],"replies":[{"embeddable":true,"href":"https:\/\/bsicos.i3a.es\/es\/wp-json\/wp\/v2\/comments?post=5151"}],"version-history":[{"count":3,"href":"https:\/\/bsicos.i3a.es\/es\/wp-json\/wp\/v2\/pages\/5151\/revisions"}],"predecessor-version":[{"id":5757,"href":"https:\/\/bsicos.i3a.es\/es\/wp-json\/wp\/v2\/pages\/5151\/revisions\/5757"}],"wp:attachment":[{"href":"https:\/\/bsicos.i3a.es\/es\/wp-json\/wp\/v2\/media?parent=5151"}],"curies":[{"name":"wp","href":"https:\/\/api.w.org\/{rel}","templated":true}]}}